{"id":948,"date":"2025-04-29T22:54:39","date_gmt":"2025-04-29T20:54:39","guid":{"rendered":"https:\/\/icybear.200.solutions\/?page_id=948"},"modified":"2025-05-05T01:28:00","modified_gmt":"2025-05-04T23:28:00","slug":"penetracni-testovani","status":"publish","type":"page","link":"https:\/\/icybear.200.solutions\/?page_id=948","title":{"rendered":"Penetra\u010dn\u00ed testov\u00e1n\u00ed"},"content":{"rendered":"","protected":false},"excerpt":{"rendered":"","protected":false},"author":1,"featured_media":0,"parent":912,"menu_order":0,"comment_status":"closed","ping_status":"closed","template":"","meta":{"_acf_changed":false,"footnotes":"","_links_to":"","_links_to_target":""},"class_list":["post-948","page","type-page","status-publish","hentry"],"acf":[],"yoast_head":"<!-- This site is optimized with the Yoast SEO plugin v25.0 - https:\/\/yoast.com\/wordpress\/plugins\/seo\/ -->\n<title>Penetra\u010dn\u00ed testov\u00e1n\u00ed - IcyBear<\/title>\n<meta name=\"robots\" content=\"index, follow, max-snippet:-1, max-image-preview:large, max-video-preview:-1\" \/>\n<link rel=\"canonical\" href=\"https:\/\/icybear.200.solutions\/?page_id=948\" \/>\n<meta property=\"og:locale\" content=\"cs_CZ\" \/>\n<meta property=\"og:type\" content=\"article\" \/>\n<meta property=\"og:title\" content=\"Penetra\u010dn\u00ed testov\u00e1n\u00ed - IcyBear\" \/>\n<meta property=\"og:url\" content=\"https:\/\/icybear.200.solutions\/?page_id=948\" \/>\n<meta property=\"og:site_name\" content=\"IcyBear\" \/>\n<meta property=\"article:modified_time\" content=\"2025-05-04T23:28:00+00:00\" \/>\n<meta name=\"twitter:card\" content=\"summary_large_image\" \/>\n<meta name=\"twitter:label1\" content=\"Odhadovan\u00e1 doba \u010dten\u00ed\" \/>\n\t<meta name=\"twitter:data1\" content=\"1 minuta\" \/>\n<script type=\"application\/ld+json\" class=\"yoast-schema-graph\">{\"@context\":\"https:\/\/schema.org\",\"@graph\":[{\"@type\":\"WebPage\",\"@id\":\"https:\/\/icybear.200.solutions\/?page_id=948\",\"url\":\"https:\/\/icybear.200.solutions\/?page_id=948\",\"name\":\"Penetra\u010dn\u00ed testov\u00e1n\u00ed - IcyBear\",\"isPartOf\":{\"@id\":\"https:\/\/icybear.200.solutions\/#website\"},\"datePublished\":\"2025-04-29T20:54:39+00:00\",\"dateModified\":\"2025-05-04T23:28:00+00:00\",\"breadcrumb\":{\"@id\":\"https:\/\/icybear.200.solutions\/?page_id=948#breadcrumb\"},\"inLanguage\":\"cs\",\"potentialAction\":[{\"@type\":\"ReadAction\",\"target\":[\"https:\/\/icybear.200.solutions\/?page_id=948\"]}]},{\"@type\":\"BreadcrumbList\",\"@id\":\"https:\/\/icybear.200.solutions\/?page_id=948#breadcrumb\",\"itemListElement\":[{\"@type\":\"ListItem\",\"position\":1,\"name\":\"Dom\u016f\",\"item\":\"https:\/\/icybear.200.solutions\/\"},{\"@type\":\"ListItem\",\"position\":2,\"name\":\"Firmy\",\"item\":\"https:\/\/icybear.200.solutions\/?page_id=912\"},{\"@type\":\"ListItem\",\"position\":3,\"name\":\"Penetra\u010dn\u00ed testov\u00e1n\u00ed\"}]},{\"@type\":\"WebSite\",\"@id\":\"https:\/\/icybear.200.solutions\/#website\",\"url\":\"https:\/\/icybear.200.solutions\/\",\"name\":\"IcyBear\",\"description\":\"Kybernetick\u00e1 bezpe\u010dnost jako slu\u017eba. Poji\u0161t\u011bn\u00ed v p\u0159\u00edpad\u011b vznikl\u00e9 \u0161kody.\",\"potentialAction\":[{\"@type\":\"SearchAction\",\"target\":{\"@type\":\"EntryPoint\",\"urlTemplate\":\"https:\/\/icybear.200.solutions\/?s={search_term_string}\"},\"query-input\":{\"@type\":\"PropertyValueSpecification\",\"valueRequired\":true,\"valueName\":\"search_term_string\"}}],\"inLanguage\":\"cs\"}]}<\/script>\n<!-- \/ Yoast SEO plugin. -->","yoast_head_json":{"title":"Penetra\u010dn\u00ed testov\u00e1n\u00ed - IcyBear","robots":{"index":"index","follow":"follow","max-snippet":"max-snippet:-1","max-image-preview":"max-image-preview:large","max-video-preview":"max-video-preview:-1"},"canonical":"https:\/\/icybear.200.solutions\/?page_id=948","og_locale":"cs_CZ","og_type":"article","og_title":"Penetra\u010dn\u00ed testov\u00e1n\u00ed - IcyBear","og_url":"https:\/\/icybear.200.solutions\/?page_id=948","og_site_name":"IcyBear","article_modified_time":"2025-05-04T23:28:00+00:00","twitter_card":"summary_large_image","twitter_misc":{"Odhadovan\u00e1 doba \u010dten\u00ed":"1 minuta"},"schema":{"@context":"https:\/\/schema.org","@graph":[{"@type":"WebPage","@id":"https:\/\/icybear.200.solutions\/?page_id=948","url":"https:\/\/icybear.200.solutions\/?page_id=948","name":"Penetra\u010dn\u00ed testov\u00e1n\u00ed - IcyBear","isPartOf":{"@id":"https:\/\/icybear.200.solutions\/#website"},"datePublished":"2025-04-29T20:54:39+00:00","dateModified":"2025-05-04T23:28:00+00:00","breadcrumb":{"@id":"https:\/\/icybear.200.solutions\/?page_id=948#breadcrumb"},"inLanguage":"cs","potentialAction":[{"@type":"ReadAction","target":["https:\/\/icybear.200.solutions\/?page_id=948"]}]},{"@type":"BreadcrumbList","@id":"https:\/\/icybear.200.solutions\/?page_id=948#breadcrumb","itemListElement":[{"@type":"ListItem","position":1,"name":"Dom\u016f","item":"https:\/\/icybear.200.solutions\/"},{"@type":"ListItem","position":2,"name":"Firmy","item":"https:\/\/icybear.200.solutions\/?page_id=912"},{"@type":"ListItem","position":3,"name":"Penetra\u010dn\u00ed testov\u00e1n\u00ed"}]},{"@type":"WebSite","@id":"https:\/\/icybear.200.solutions\/#website","url":"https:\/\/icybear.200.solutions\/","name":"IcyBear","description":"Kybernetick\u00e1 bezpe\u010dnost jako slu\u017eba. Poji\u0161t\u011bn\u00ed v p\u0159\u00edpad\u011b vznikl\u00e9 \u0161kody.","potentialAction":[{"@type":"SearchAction","target":{"@type":"EntryPoint","urlTemplate":"https:\/\/icybear.200.solutions\/?s={search_term_string}"},"query-input":{"@type":"PropertyValueSpecification","valueRequired":true,"valueName":"search_term_string"}}],"inLanguage":"cs"}]}},"_links":{"self":[{"href":"https:\/\/icybear.200.solutions\/index.php?rest_route=\/wp\/v2\/pages\/948","targetHints":{"allow":["GET"]}}],"collection":[{"href":"https:\/\/icybear.200.solutions\/index.php?rest_route=\/wp\/v2\/pages"}],"about":[{"href":"https:\/\/icybear.200.solutions\/index.php?rest_route=\/wp\/v2\/types\/page"}],"author":[{"embeddable":true,"href":"https:\/\/icybear.200.solutions\/index.php?rest_route=\/wp\/v2\/users\/1"}],"replies":[{"embeddable":true,"href":"https:\/\/icybear.200.solutions\/index.php?rest_route=%2Fwp%2Fv2%2Fcomments&post=948"}],"version-history":[{"count":5,"href":"https:\/\/icybear.200.solutions\/index.php?rest_route=\/wp\/v2\/pages\/948\/revisions"}],"predecessor-version":[{"id":970,"href":"https:\/\/icybear.200.solutions\/index.php?rest_route=\/wp\/v2\/pages\/948\/revisions\/970"}],"up":[{"embeddable":true,"href":"https:\/\/icybear.200.solutions\/index.php?rest_route=\/wp\/v2\/pages\/912"}],"wp:attachment":[{"href":"https:\/\/icybear.200.solutions\/index.php?rest_route=%2Fwp%2Fv2%2Fmedia&parent=948"}],"curies":[{"name":"wp","href":"https:\/\/api.w.org\/{rel}","templated":true}]}}