{"id":65,"date":"2025-03-27T17:22:54","date_gmt":"2025-03-27T16:22:54","guid":{"rendered":"https:\/\/icybear.200.solutions\/?page_id=65"},"modified":"2025-04-25T01:03:55","modified_gmt":"2025-04-24T23:03:55","slug":"spoluprace","status":"publish","type":"page","link":"https:\/\/icybear.200.solutions\/?page_id=65","title":{"rendered":"Spolupr\u00e1ce"},"content":{"rendered":"","protected":false},"excerpt":{"rendered":"","protected":false},"author":1,"featured_media":0,"parent":0,"menu_order":0,"comment_status":"closed","ping_status":"closed","template":"","meta":{"_acf_changed":false,"footnotes":"","_links_to":"","_links_to_target":""},"class_list":["post-65","page","type-page","status-publish","hentry"],"acf":[],"yoast_head":"<!-- This site is optimized with the Yoast SEO plugin v25.0 - https:\/\/yoast.com\/wordpress\/plugins\/seo\/ -->\n<title>Spolupr\u00e1ce - IcyBear<\/title>\n<meta name=\"robots\" content=\"index, follow, max-snippet:-1, max-image-preview:large, max-video-preview:-1\" \/>\n<link rel=\"canonical\" href=\"https:\/\/icybear.200.solutions\/?page_id=65\" \/>\n<meta property=\"og:locale\" content=\"cs_CZ\" \/>\n<meta property=\"og:type\" content=\"article\" \/>\n<meta property=\"og:title\" content=\"Spolupr\u00e1ce - IcyBear\" \/>\n<meta property=\"og:url\" content=\"https:\/\/icybear.200.solutions\/?page_id=65\" \/>\n<meta property=\"og:site_name\" content=\"IcyBear\" \/>\n<meta property=\"article:modified_time\" content=\"2025-04-24T23:03:55+00:00\" \/>\n<meta name=\"twitter:card\" content=\"summary_large_image\" \/>\n<meta name=\"twitter:label1\" content=\"Odhadovan\u00e1 doba \u010dten\u00ed\" \/>\n\t<meta name=\"twitter:data1\" content=\"2 minuty\" \/>\n<script type=\"application\/ld+json\" class=\"yoast-schema-graph\">{\"@context\":\"https:\/\/schema.org\",\"@graph\":[{\"@type\":\"WebPage\",\"@id\":\"https:\/\/icybear.200.solutions\/?page_id=65\",\"url\":\"https:\/\/icybear.200.solutions\/?page_id=65\",\"name\":\"Spolupr\u00e1ce - IcyBear\",\"isPartOf\":{\"@id\":\"https:\/\/icybear.200.solutions\/#website\"},\"datePublished\":\"2025-03-27T16:22:54+00:00\",\"dateModified\":\"2025-04-24T23:03:55+00:00\",\"breadcrumb\":{\"@id\":\"https:\/\/icybear.200.solutions\/?page_id=65#breadcrumb\"},\"inLanguage\":\"cs\",\"potentialAction\":[{\"@type\":\"ReadAction\",\"target\":[\"https:\/\/icybear.200.solutions\/?page_id=65\"]}]},{\"@type\":\"BreadcrumbList\",\"@id\":\"https:\/\/icybear.200.solutions\/?page_id=65#breadcrumb\",\"itemListElement\":[{\"@type\":\"ListItem\",\"position\":1,\"name\":\"Dom\u016f\",\"item\":\"https:\/\/icybear.200.solutions\/\"},{\"@type\":\"ListItem\",\"position\":2,\"name\":\"Spolupr\u00e1ce\"}]},{\"@type\":\"WebSite\",\"@id\":\"https:\/\/icybear.200.solutions\/#website\",\"url\":\"https:\/\/icybear.200.solutions\/\",\"name\":\"IcyBear\",\"description\":\"Kybernetick\u00e1 bezpe\u010dnost jako slu\u017eba. Poji\u0161t\u011bn\u00ed v p\u0159\u00edpad\u011b vznikl\u00e9 \u0161kody.\",\"potentialAction\":[{\"@type\":\"SearchAction\",\"target\":{\"@type\":\"EntryPoint\",\"urlTemplate\":\"https:\/\/icybear.200.solutions\/?s={search_term_string}\"},\"query-input\":{\"@type\":\"PropertyValueSpecification\",\"valueRequired\":true,\"valueName\":\"search_term_string\"}}],\"inLanguage\":\"cs\"}]}<\/script>\n<!-- \/ Yoast SEO plugin. -->","yoast_head_json":{"title":"Spolupr\u00e1ce - IcyBear","robots":{"index":"index","follow":"follow","max-snippet":"max-snippet:-1","max-image-preview":"max-image-preview:large","max-video-preview":"max-video-preview:-1"},"canonical":"https:\/\/icybear.200.solutions\/?page_id=65","og_locale":"cs_CZ","og_type":"article","og_title":"Spolupr\u00e1ce - IcyBear","og_url":"https:\/\/icybear.200.solutions\/?page_id=65","og_site_name":"IcyBear","article_modified_time":"2025-04-24T23:03:55+00:00","twitter_card":"summary_large_image","twitter_misc":{"Odhadovan\u00e1 doba \u010dten\u00ed":"2 minuty"},"schema":{"@context":"https:\/\/schema.org","@graph":[{"@type":"WebPage","@id":"https:\/\/icybear.200.solutions\/?page_id=65","url":"https:\/\/icybear.200.solutions\/?page_id=65","name":"Spolupr\u00e1ce - IcyBear","isPartOf":{"@id":"https:\/\/icybear.200.solutions\/#website"},"datePublished":"2025-03-27T16:22:54+00:00","dateModified":"2025-04-24T23:03:55+00:00","breadcrumb":{"@id":"https:\/\/icybear.200.solutions\/?page_id=65#breadcrumb"},"inLanguage":"cs","potentialAction":[{"@type":"ReadAction","target":["https:\/\/icybear.200.solutions\/?page_id=65"]}]},{"@type":"BreadcrumbList","@id":"https:\/\/icybear.200.solutions\/?page_id=65#breadcrumb","itemListElement":[{"@type":"ListItem","position":1,"name":"Dom\u016f","item":"https:\/\/icybear.200.solutions\/"},{"@type":"ListItem","position":2,"name":"Spolupr\u00e1ce"}]},{"@type":"WebSite","@id":"https:\/\/icybear.200.solutions\/#website","url":"https:\/\/icybear.200.solutions\/","name":"IcyBear","description":"Kybernetick\u00e1 bezpe\u010dnost jako slu\u017eba. Poji\u0161t\u011bn\u00ed v p\u0159\u00edpad\u011b vznikl\u00e9 \u0161kody.","potentialAction":[{"@type":"SearchAction","target":{"@type":"EntryPoint","urlTemplate":"https:\/\/icybear.200.solutions\/?s={search_term_string}"},"query-input":{"@type":"PropertyValueSpecification","valueRequired":true,"valueName":"search_term_string"}}],"inLanguage":"cs"}]}},"_links":{"self":[{"href":"https:\/\/icybear.200.solutions\/index.php?rest_route=\/wp\/v2\/pages\/65","targetHints":{"allow":["GET"]}}],"collection":[{"href":"https:\/\/icybear.200.solutions\/index.php?rest_route=\/wp\/v2\/pages"}],"about":[{"href":"https:\/\/icybear.200.solutions\/index.php?rest_route=\/wp\/v2\/types\/page"}],"author":[{"embeddable":true,"href":"https:\/\/icybear.200.solutions\/index.php?rest_route=\/wp\/v2\/users\/1"}],"replies":[{"embeddable":true,"href":"https:\/\/icybear.200.solutions\/index.php?rest_route=%2Fwp%2Fv2%2Fcomments&post=65"}],"version-history":[{"count":8,"href":"https:\/\/icybear.200.solutions\/index.php?rest_route=\/wp\/v2\/pages\/65\/revisions"}],"predecessor-version":[{"id":870,"href":"https:\/\/icybear.200.solutions\/index.php?rest_route=\/wp\/v2\/pages\/65\/revisions\/870"}],"wp:attachment":[{"href":"https:\/\/icybear.200.solutions\/index.php?rest_route=%2Fwp%2Fv2%2Fmedia&parent=65"}],"curies":[{"name":"wp","href":"https:\/\/api.w.org\/{rel}","templated":true}]}}